{"id":73,"date":"2017-02-21T12:14:44","date_gmt":"2017-02-21T11:14:44","guid":{"rendered":"http:\/\/losreiser.de\/?page_id=73"},"modified":"2018-01-21T11:13:10","modified_gmt":"2018-01-21T10:13:10","slug":"erfahrungen","status":"publish","type":"page","link":"http:\/\/losreiser.de\/?page_id=73","title":{"rendered":"alte Reiseberichte\/-bilder"},"content":{"rendered":"<h4>Wir m\u00f6chten euch nat\u00fcrlich nicht vorenthalten, was wir in den jeweiligen L\u00e4ndern erlebt haben.<\/h4>\n<blockquote class=\"wp-embedded-content\" data-secret=\"SIRrS4l4Px\"><p><a href=\"http:\/\/losreiser.de\/?page_id=115\">Porto 2014<\/a><\/p><\/blockquote>\n<p><iframe loading=\"lazy\" class=\"wp-embedded-content\" sandbox=\"allow-scripts\" security=\"restricted\" style=\"position: absolute; clip: rect(1px, 1px, 1px, 1px);\" title=\"&#8222;Porto 2014&#8220; &#8212; \" src=\"http:\/\/losreiser.de\/?page_id=115&#038;embed=true#?secret=34JSJAiBCo#?secret=SIRrS4l4Px\" data-secret=\"SIRrS4l4Px\" width=\"600\" height=\"338\" frameborder=\"0\" marginwidth=\"0\" marginheight=\"0\" scrolling=\"no\"><\/iframe><\/p>\n<blockquote class=\"wp-embedded-content\" data-secret=\"pEJ0juSRJW\"><p><a href=\"http:\/\/losreiser.de\/?page_id=138\">Indonesien 2014<\/a><\/p><\/blockquote>\n<p><iframe loading=\"lazy\" class=\"wp-embedded-content\" sandbox=\"allow-scripts\" security=\"restricted\" style=\"position: absolute; clip: rect(1px, 1px, 1px, 1px);\" title=\"&#8222;Indonesien 2014&#8220; &#8212; \" src=\"http:\/\/losreiser.de\/?page_id=138&#038;embed=true#?secret=5JVJeLUFW0#?secret=pEJ0juSRJW\" data-secret=\"pEJ0juSRJW\" width=\"600\" height=\"338\" frameborder=\"0\" marginwidth=\"0\" marginheight=\"0\" scrolling=\"no\"><\/iframe><\/p>\n<blockquote class=\"wp-embedded-content\" data-secret=\"XJnrnWpw5A\"><p><a href=\"http:\/\/losreiser.de\/?page_id=97\">Vietnam 2015<\/a><\/p><\/blockquote>\n<p><iframe loading=\"lazy\" class=\"wp-embedded-content\" sandbox=\"allow-scripts\" security=\"restricted\" style=\"position: absolute; clip: rect(1px, 1px, 1px, 1px);\" title=\"&#8222;Vietnam 2015&#8220; &#8212; \" src=\"http:\/\/losreiser.de\/?page_id=97&#038;embed=true#?secret=j86EzogWXN#?secret=XJnrnWpw5A\" data-secret=\"XJnrnWpw5A\" width=\"600\" height=\"338\" frameborder=\"0\" marginwidth=\"0\" marginheight=\"0\" scrolling=\"no\"><\/iframe><\/p>\n<blockquote class=\"wp-embedded-content\" data-secret=\"r7UBV2rhcf\"><p><a href=\"http:\/\/losreiser.de\/?page_id=119\">\u00d6sterreich\/Italien 2015<\/a><\/p><\/blockquote>\n<p><iframe loading=\"lazy\" class=\"wp-embedded-content\" sandbox=\"allow-scripts\" security=\"restricted\" style=\"position: absolute; clip: rect(1px, 1px, 1px, 1px);\" title=\"&#8222;\u00d6sterreich\/Italien 2015&#8220; &#8212; \" src=\"http:\/\/losreiser.de\/?page_id=119&#038;embed=true#?secret=NZgIkp67FA#?secret=r7UBV2rhcf\" data-secret=\"r7UBV2rhcf\" width=\"600\" height=\"338\" frameborder=\"0\" marginwidth=\"0\" marginheight=\"0\" scrolling=\"no\"><\/iframe><\/p>\n<blockquote class=\"wp-embedded-content\" data-secret=\"vB2CGHRRN1\"><p><a href=\"http:\/\/losreiser.de\/?page_id=117\">Amsterdam 2015<\/a><\/p><\/blockquote>\n<p><iframe loading=\"lazy\" class=\"wp-embedded-content\" sandbox=\"allow-scripts\" security=\"restricted\" style=\"position: absolute; clip: rect(1px, 1px, 1px, 1px);\" title=\"&#8222;Amsterdam 2015&#8220; &#8212; \" src=\"http:\/\/losreiser.de\/?page_id=117&#038;embed=true#?secret=pKCJX5zVOR#?secret=vB2CGHRRN1\" data-secret=\"vB2CGHRRN1\" width=\"600\" height=\"338\" frameborder=\"0\" marginwidth=\"0\" marginheight=\"0\" scrolling=\"no\"><\/iframe><\/p>\n<blockquote class=\"wp-embedded-content\" data-secret=\"byVOsfYpBO\"><p><a href=\"http:\/\/losreiser.de\/?page_id=113\">Bulgarien 2016<\/a><\/p><\/blockquote>\n<p><iframe loading=\"lazy\" class=\"wp-embedded-content\" sandbox=\"allow-scripts\" security=\"restricted\" style=\"position: absolute; clip: rect(1px, 1px, 1px, 1px);\" title=\"&#8222;Bulgarien 2016&#8220; &#8212; \" src=\"http:\/\/losreiser.de\/?page_id=113&#038;embed=true#?secret=ceR5vXotlg#?secret=byVOsfYpBO\" data-secret=\"byVOsfYpBO\" width=\"600\" height=\"338\" frameborder=\"0\" marginwidth=\"0\" marginheight=\"0\" scrolling=\"no\"><\/iframe><\/p>\n<blockquote class=\"wp-embedded-content\" data-secret=\"ygFIOgBEcG\"><p><a href=\"http:\/\/losreiser.de\/?page_id=111\">Budapest 2016<\/a><\/p><\/blockquote>\n<p><iframe loading=\"lazy\" class=\"wp-embedded-content\" sandbox=\"allow-scripts\" security=\"restricted\" style=\"position: absolute; clip: rect(1px, 1px, 1px, 1px);\" title=\"&#8222;Budapest 2016&#8220; &#8212; \" src=\"http:\/\/losreiser.de\/?page_id=111&#038;embed=true#?secret=vaUVnaRVug#?secret=ygFIOgBEcG\" data-secret=\"ygFIOgBEcG\" width=\"600\" height=\"338\" frameborder=\"0\" marginwidth=\"0\" marginheight=\"0\" scrolling=\"no\"><\/iframe><\/p>\n<blockquote class=\"wp-embedded-content\" data-secret=\"yDA0mkrO94\"><p><a href=\"http:\/\/losreiser.de\/?page_id=99\">Indonesien 2016<\/a><\/p><\/blockquote>\n<p><iframe loading=\"lazy\" class=\"wp-embedded-content\" sandbox=\"allow-scripts\" security=\"restricted\" style=\"position: absolute; clip: rect(1px, 1px, 1px, 1px);\" title=\"&#8222;Indonesien 2016&#8220; &#8212; \" src=\"http:\/\/losreiser.de\/?page_id=99&#038;embed=true#?secret=PPfQPh0iCE#?secret=yDA0mkrO94\" data-secret=\"yDA0mkrO94\" width=\"600\" height=\"338\" frameborder=\"0\" marginwidth=\"0\" marginheight=\"0\" scrolling=\"no\"><\/iframe><\/p>\n<p>&nbsp;<\/p>\n<p>&nbsp;<\/p>\n<p>&nbsp;<\/p>\n<p>&nbsp;<\/p>\n","protected":false},"excerpt":{"rendered":"<p>Wir m\u00f6chten euch nat\u00fcrlich nicht vorenthalten, was wir in den jeweiligen L\u00e4ndern erlebt haben. Porto 2014 Indonesien 2014 Vietnam 2015 \u00d6sterreich\/Italien 2015 Amsterdam 2015 Bulgarien 2016 Budapest 2016 Indonesien 2016 &nbsp; &nbsp; &nbsp; &nbsp;<\/p>\n","protected":false},"author":1,"featured_media":0,"parent":0,"menu_order":7,"comment_status":"closed","ping_status":"closed","template":"","meta":{"jetpack_post_was_ever_published":false,"footnotes":""},"class_list":["post-73","page","type-page","status-publish","hentry"],"jetpack_shortlink":"https:\/\/wp.me\/P8GtRk-1b","jetpack_sharing_enabled":true,"_links":{"self":[{"href":"http:\/\/losreiser.de\/index.php?rest_route=\/wp\/v2\/pages\/73","targetHints":{"allow":["GET"]}}],"collection":[{"href":"http:\/\/losreiser.de\/index.php?rest_route=\/wp\/v2\/pages"}],"about":[{"href":"http:\/\/losreiser.de\/index.php?rest_route=\/wp\/v2\/types\/page"}],"author":[{"embeddable":true,"href":"http:\/\/losreiser.de\/index.php?rest_route=\/wp\/v2\/users\/1"}],"replies":[{"embeddable":true,"href":"http:\/\/losreiser.de\/index.php?rest_route=%2Fwp%2Fv2%2Fcomments&post=73"}],"version-history":[{"count":21,"href":"http:\/\/losreiser.de\/index.php?rest_route=\/wp\/v2\/pages\/73\/revisions"}],"predecessor-version":[{"id":1096,"href":"http:\/\/losreiser.de\/index.php?rest_route=\/wp\/v2\/pages\/73\/revisions\/1096"}],"wp:attachment":[{"href":"http:\/\/losreiser.de\/index.php?rest_route=%2Fwp%2Fv2%2Fmedia&parent=73"}],"curies":[{"name":"wp","href":"https:\/\/api.w.org\/{rel}","templated":true}]}}