{"id":119,"date":"2017-02-23T07:29:42","date_gmt":"2017-02-23T07:29:42","guid":{"rendered":"http:\/\/losreiser.de\/?page_id=119"},"modified":"2017-03-22T17:06:31","modified_gmt":"2017-03-22T16:06:31","slug":"oesterreichitalien-2015","status":"publish","type":"page","link":"http:\/\/losreiser.de\/?page_id=119","title":{"rendered":"\u00d6sterreich\/Italien 2015"},"content":{"rendered":"<h4><span style=\"color: #000000;\">2 Wochen \u00d6sterreich und Italien mit unserem Bus im Video seht ihr\u00a0<span style=\"color: #ff0000;\"><em><a style=\"color: #ff0000;\" href=\"https:\/\/youtu.be\/IRERggdjfUA\">hier<\/a><\/em><\/span>.<\/span><\/h4>\n<h4><\/h4>\n<h4><span style=\"color: #000000;\">Wir erf\u00fcllten uns kurz vor diesem Trip den Traum, mit unserem eigenen Bus auf Reise zu gehen. Komplett frei, frei von der Zeit, frei vom Weg. So machten wir uns mit unseren Fahrr\u00e4dern und gen\u00fcgend Proviant in die Spur &#8211; auf nach Italien!<\/span><\/h4>\n<h4><\/h4>\n<h4><span style=\"color: #000000;\">Anni&#8217;s bester Freund zog vor einiger Zeit zu seinem Freund auf den Bauernhof eines kleinen Dorfes\u00a0in der N\u00e4he von Innsbruck. So war die Vorfreude riesig die beiden nach langem besuchen zu k\u00f6nnen. Die beiden nahmen uns, wie immer bei unseren Begegnungen, herzlich in Empfang und boten uns an ein paar Tage bleiben zu k\u00f6nnen. So erklimmten wir die Berge, erkundeten die Stadt Innsbruck und radelten durch die wundersch\u00f6ne Natur durch die T\u00e4ler.<\/span><\/h4>\n<h4><span style=\"color: #000000;\"><img loading=\"lazy\" decoding=\"async\" class=\"alignnone size-medium wp-image-171\" src=\"http:\/\/losreiser.de\/wp-content\/uploads\/2017\/02\/DSC_0030-300x199.jpg\" alt=\"\" width=\"300\" height=\"199\" srcset=\"http:\/\/losreiser.de\/wp-content\/uploads\/2017\/02\/DSC_0030-300x199.jpg 300w, http:\/\/losreiser.de\/wp-content\/uploads\/2017\/02\/DSC_0030-768x511.jpg 768w, http:\/\/losreiser.de\/wp-content\/uploads\/2017\/02\/DSC_0030-1024x681.jpg 1024w\" sizes=\"auto, (max-width: 300px) 100vw, 300px\" \/><img loading=\"lazy\" decoding=\"async\" class=\"alignnone size-medium wp-image-172\" src=\"http:\/\/losreiser.de\/wp-content\/uploads\/2017\/02\/DSC_0073-300x199.jpg\" alt=\"\" width=\"300\" height=\"199\" srcset=\"http:\/\/losreiser.de\/wp-content\/uploads\/2017\/02\/DSC_0073-300x199.jpg 300w, http:\/\/losreiser.de\/wp-content\/uploads\/2017\/02\/DSC_0073-768x511.jpg 768w, http:\/\/losreiser.de\/wp-content\/uploads\/2017\/02\/DSC_0073-1024x681.jpg 1024w\" sizes=\"auto, (max-width: 300px) 100vw, 300px\" \/> <img loading=\"lazy\" decoding=\"async\" class=\"alignnone size-medium wp-image-173\" src=\"http:\/\/losreiser.de\/wp-content\/uploads\/2017\/02\/DSC_0055-300x199.jpg\" alt=\"\" width=\"300\" height=\"199\" srcset=\"http:\/\/losreiser.de\/wp-content\/uploads\/2017\/02\/DSC_0055-300x199.jpg 300w, http:\/\/losreiser.de\/wp-content\/uploads\/2017\/02\/DSC_0055-768x511.jpg 768w, http:\/\/losreiser.de\/wp-content\/uploads\/2017\/02\/DSC_0055-1024x681.jpg 1024w\" sizes=\"auto, (max-width: 300px) 100vw, 300px\" \/><\/span><\/h4>\n<h4><span style=\"color: #000000;\">Weiter ging die Fahrt Richtung Italien. Unser n\u00e4chster Stop sollte der Gardasee sein. Nach etwas Suche war dann unser vor\u00fcbergehendes Quartier erreicht, direkt am Gardasee. Da es schon sp\u00e4t war ging es direkt ins Bett.<\/span><\/h4>\n<h4><\/h4>\n<h4><span style=\"color: #000000;\">Die n\u00e4chsten Tage radelten wir entlang des Gardasees und lie\u00dfen den Ausblick auf uns wirken, a\u00dfen eine original italienische Pizza (welche \u00fcbrigens nicht viel besser oder schlechter war als wir sie in Deutschland h\u00e4tten essen k\u00f6nnen) und tranken Kaffee, w\u00e4hrend die Sonne zwischen den Bergen unterging.<\/span><\/h4>\n<h4><\/h4>\n<h4><span style=\"color: #000000;\"><img loading=\"lazy\" decoding=\"async\" class=\"alignnone size-medium wp-image-179\" src=\"http:\/\/losreiser.de\/wp-content\/uploads\/2017\/02\/DSC_0123-300x199.jpg\" alt=\"\" width=\"300\" height=\"199\" srcset=\"http:\/\/losreiser.de\/wp-content\/uploads\/2017\/02\/DSC_0123-300x199.jpg 300w, http:\/\/losreiser.de\/wp-content\/uploads\/2017\/02\/DSC_0123-768x511.jpg 768w, http:\/\/losreiser.de\/wp-content\/uploads\/2017\/02\/DSC_0123-1024x681.jpg 1024w\" sizes=\"auto, (max-width: 300px) 100vw, 300px\" \/><img loading=\"lazy\" decoding=\"async\" class=\"alignnone size-medium wp-image-178\" src=\"http:\/\/losreiser.de\/wp-content\/uploads\/2017\/02\/DSC_0122-300x199.jpg\" alt=\"\" width=\"300\" height=\"199\" srcset=\"http:\/\/losreiser.de\/wp-content\/uploads\/2017\/02\/DSC_0122-300x199.jpg 300w, http:\/\/losreiser.de\/wp-content\/uploads\/2017\/02\/DSC_0122-768x511.jpg 768w, http:\/\/losreiser.de\/wp-content\/uploads\/2017\/02\/DSC_0122-1024x681.jpg 1024w\" sizes=\"auto, (max-width: 300px) 100vw, 300px\" \/><img loading=\"lazy\" decoding=\"async\" class=\"alignnone size-medium wp-image-177\" src=\"http:\/\/losreiser.de\/wp-content\/uploads\/2017\/02\/DSC_0109-e1487952020809-199x300.jpg\" alt=\"\" width=\"199\" height=\"300\" srcset=\"http:\/\/losreiser.de\/wp-content\/uploads\/2017\/02\/DSC_0109-e1487952020809-199x300.jpg 199w, http:\/\/losreiser.de\/wp-content\/uploads\/2017\/02\/DSC_0109-e1487952020809-768x1155.jpg 768w, http:\/\/losreiser.de\/wp-content\/uploads\/2017\/02\/DSC_0109-e1487952020809-681x1024.jpg 681w\" sizes=\"auto, (max-width: 199px) 100vw, 199px\" \/><img loading=\"lazy\" decoding=\"async\" class=\"alignnone size-medium wp-image-176\" src=\"http:\/\/losreiser.de\/wp-content\/uploads\/2017\/02\/DSC_0096-300x199.jpg\" alt=\"\" width=\"300\" height=\"199\" srcset=\"http:\/\/losreiser.de\/wp-content\/uploads\/2017\/02\/DSC_0096-300x199.jpg 300w, http:\/\/losreiser.de\/wp-content\/uploads\/2017\/02\/DSC_0096-768x511.jpg 768w, http:\/\/losreiser.de\/wp-content\/uploads\/2017\/02\/DSC_0096-1024x681.jpg 1024w\" sizes=\"auto, (max-width: 300px) 100vw, 300px\" \/><img loading=\"lazy\" decoding=\"async\" class=\"alignnone size-medium wp-image-175\" src=\"http:\/\/losreiser.de\/wp-content\/uploads\/2017\/02\/DSC_0088-300x199.jpg\" alt=\"\" width=\"300\" height=\"199\" srcset=\"http:\/\/losreiser.de\/wp-content\/uploads\/2017\/02\/DSC_0088-300x199.jpg 300w, http:\/\/losreiser.de\/wp-content\/uploads\/2017\/02\/DSC_0088-768x511.jpg 768w, http:\/\/losreiser.de\/wp-content\/uploads\/2017\/02\/DSC_0088-1024x681.jpg 1024w\" sizes=\"auto, (max-width: 300px) 100vw, 300px\" \/><\/span><\/h4>\n<h4><\/h4>\n<h4><span style=\"color: #000000;\">Die n\u00e4chsten Tage fuhren wir nach Verona, Venedig und Rimini. Waren wir m\u00fcde legten wir uns hin, egal wo wir gerade waren. Ein sch\u00f6nes Gef\u00fchl von Freiheit, tagt\u00e4glich. Wir schauten uns die St\u00e4dte an lie\u00dfen einfach alles auf uns wirken. Die Architektur Italiens ist wahnsinnig sch\u00f6n! Seht selbst:<\/span><\/h4>\n<h4><\/h4>\n<h4><span style=\"color: #000000;\"><img loading=\"lazy\" decoding=\"async\" class=\"alignnone size-medium wp-image-181\" src=\"http:\/\/losreiser.de\/wp-content\/uploads\/2017\/02\/DSC_0152-300x199.jpg\" alt=\"\" width=\"300\" height=\"199\" srcset=\"http:\/\/losreiser.de\/wp-content\/uploads\/2017\/02\/DSC_0152-300x199.jpg 300w, http:\/\/losreiser.de\/wp-content\/uploads\/2017\/02\/DSC_0152-768x511.jpg 768w, http:\/\/losreiser.de\/wp-content\/uploads\/2017\/02\/DSC_0152-1024x681.jpg 1024w\" sizes=\"auto, (max-width: 300px) 100vw, 300px\" \/><img loading=\"lazy\" decoding=\"async\" class=\"alignnone size-medium wp-image-183\" src=\"http:\/\/losreiser.de\/wp-content\/uploads\/2017\/02\/DSC_0161-e1487954070922-199x300.jpg\" alt=\"\" width=\"199\" height=\"300\" srcset=\"http:\/\/losreiser.de\/wp-content\/uploads\/2017\/02\/DSC_0161-e1487954070922-199x300.jpg 199w, http:\/\/losreiser.de\/wp-content\/uploads\/2017\/02\/DSC_0161-e1487954070922-768x1155.jpg 768w, http:\/\/losreiser.de\/wp-content\/uploads\/2017\/02\/DSC_0161-e1487954070922-681x1024.jpg 681w\" sizes=\"auto, (max-width: 199px) 100vw, 199px\" \/><img loading=\"lazy\" decoding=\"async\" class=\"alignnone size-medium wp-image-194\" src=\"http:\/\/losreiser.de\/wp-content\/uploads\/2017\/02\/DSC_0195-1-300x199.jpg\" alt=\"\" width=\"300\" height=\"199\" srcset=\"http:\/\/losreiser.de\/wp-content\/uploads\/2017\/02\/DSC_0195-1-300x199.jpg 300w, http:\/\/losreiser.de\/wp-content\/uploads\/2017\/02\/DSC_0195-1-768x511.jpg 768w, http:\/\/losreiser.de\/wp-content\/uploads\/2017\/02\/DSC_0195-1-1024x681.jpg 1024w\" sizes=\"auto, (max-width: 300px) 100vw, 300px\" \/><img loading=\"lazy\" decoding=\"async\" class=\"alignnone size-medium wp-image-185\" src=\"http:\/\/losreiser.de\/wp-content\/uploads\/2017\/02\/DSC_0212-300x199.jpg\" alt=\"\" width=\"300\" height=\"199\" srcset=\"http:\/\/losreiser.de\/wp-content\/uploads\/2017\/02\/DSC_0212-300x199.jpg 300w, http:\/\/losreiser.de\/wp-content\/uploads\/2017\/02\/DSC_0212-768x511.jpg 768w, http:\/\/losreiser.de\/wp-content\/uploads\/2017\/02\/DSC_0212-1024x681.jpg 1024w\" sizes=\"auto, (max-width: 300px) 100vw, 300px\" \/><img loading=\"lazy\" decoding=\"async\" class=\"alignnone size-medium wp-image-186\" src=\"http:\/\/losreiser.de\/wp-content\/uploads\/2017\/02\/DSC_0261-300x199.jpg\" alt=\"\" width=\"300\" height=\"199\" srcset=\"http:\/\/losreiser.de\/wp-content\/uploads\/2017\/02\/DSC_0261-300x199.jpg 300w, http:\/\/losreiser.de\/wp-content\/uploads\/2017\/02\/DSC_0261-768x511.jpg 768w, http:\/\/losreiser.de\/wp-content\/uploads\/2017\/02\/DSC_0261-1024x681.jpg 1024w\" sizes=\"auto, (max-width: 300px) 100vw, 300px\" \/><\/span><\/h4>\n<h4><\/h4>\n<h4><span style=\"color: #000000;\">Da das Wetter komischerweise immer schlechter wurde umso weiter wir Richtung S\u00fcden fuhren entschlossen wir uns, zur\u00fcck an den Gardasee zu fahren. Ein Hoch auf den Wetterbericht! Dort taten wir die n\u00e4chsten Tage genau &#8211; nichts! Wir lasen Buch und genossen den Ausblick. Es war herrlich, morgens die Kofferraumklappe aufzumachen und direkt auf den Gardasee zu blicken!<\/span><\/h4>\n<h4><\/h4>\n<h4><span style=\"color: #000000;\"><img loading=\"lazy\" decoding=\"async\" class=\"alignnone size-medium wp-image-187\" src=\"http:\/\/losreiser.de\/wp-content\/uploads\/2017\/02\/DSC_0292-300x199.jpg\" alt=\"\" width=\"300\" height=\"199\" srcset=\"http:\/\/losreiser.de\/wp-content\/uploads\/2017\/02\/DSC_0292-300x199.jpg 300w, http:\/\/losreiser.de\/wp-content\/uploads\/2017\/02\/DSC_0292-768x511.jpg 768w, http:\/\/losreiser.de\/wp-content\/uploads\/2017\/02\/DSC_0292-1024x681.jpg 1024w\" sizes=\"auto, (max-width: 300px) 100vw, 300px\" \/><img loading=\"lazy\" decoding=\"async\" class=\"alignnone size-medium wp-image-188\" src=\"http:\/\/losreiser.de\/wp-content\/uploads\/2017\/02\/DSC_0313-300x199.jpg\" alt=\"\" width=\"300\" height=\"199\" srcset=\"http:\/\/losreiser.de\/wp-content\/uploads\/2017\/02\/DSC_0313-300x199.jpg 300w, http:\/\/losreiser.de\/wp-content\/uploads\/2017\/02\/DSC_0313-768x511.jpg 768w, http:\/\/losreiser.de\/wp-content\/uploads\/2017\/02\/DSC_0313-1024x681.jpg 1024w\" sizes=\"auto, (max-width: 300px) 100vw, 300px\" \/><img loading=\"lazy\" decoding=\"async\" class=\"alignnone size-medium wp-image-190\" src=\"http:\/\/losreiser.de\/wp-content\/uploads\/2017\/02\/DSC_0370-300x199.jpg\" alt=\"\" width=\"300\" height=\"199\" srcset=\"http:\/\/losreiser.de\/wp-content\/uploads\/2017\/02\/DSC_0370-300x199.jpg 300w, http:\/\/losreiser.de\/wp-content\/uploads\/2017\/02\/DSC_0370-768x511.jpg 768w, http:\/\/losreiser.de\/wp-content\/uploads\/2017\/02\/DSC_0370-1024x681.jpg 1024w\" sizes=\"auto, (max-width: 300px) 100vw, 300px\" \/><img loading=\"lazy\" decoding=\"async\" class=\"alignnone size-medium wp-image-189\" src=\"http:\/\/losreiser.de\/wp-content\/uploads\/2017\/02\/DSC_0321-300x199.jpg\" alt=\"\" width=\"300\" height=\"199\" srcset=\"http:\/\/losreiser.de\/wp-content\/uploads\/2017\/02\/DSC_0321-300x199.jpg 300w, http:\/\/losreiser.de\/wp-content\/uploads\/2017\/02\/DSC_0321-768x511.jpg 768w, http:\/\/losreiser.de\/wp-content\/uploads\/2017\/02\/DSC_0321-1024x681.jpg 1024w\" sizes=\"auto, (max-width: 300px) 100vw, 300px\" \/><\/span><\/h4>\n<h4><span style=\"color: #000000;\">Auch diese langen sch\u00f6nen Tage gingen zu Ende und wir mussten uns auf den Weg zur\u00fcck nach Deutschland machen. Unser erster Zwischenhalt sollte in Bozen liegen, wo wir unsere Lieblingskollegin und ihren Mann besuchten, die zur gleichen Zeit dort Urlaub machen. Das hatten wir uns bereits vor der Tour ausgemacht und versprochen. Nach einer Nacht fuhren wir weiter und hielten Nahe der Grenze Deutschland zu \u00d6sterreich, um einer langj\u00e4hrigen Bekannten noch f\u00fcr 2 N\u00e4chte einen Besuch abzustatten. Wir gingen wandern und hatten uns eine ganze Menge zu erz\u00e4hlen.<\/span><\/h4>\n<h4><span style=\"color: #000000;\"><img loading=\"lazy\" decoding=\"async\" class=\"alignnone size-medium wp-image-296\" src=\"http:\/\/losreiser.de\/wp-content\/uploads\/2017\/02\/DSC_0437-300x199.jpg\" alt=\"\" width=\"300\" height=\"199\" srcset=\"http:\/\/losreiser.de\/wp-content\/uploads\/2017\/02\/DSC_0437-300x199.jpg 300w, http:\/\/losreiser.de\/wp-content\/uploads\/2017\/02\/DSC_0437-768x511.jpg 768w, http:\/\/losreiser.de\/wp-content\/uploads\/2017\/02\/DSC_0437-1024x681.jpg 1024w\" sizes=\"auto, (max-width: 300px) 100vw, 300px\" \/><img loading=\"lazy\" decoding=\"async\" class=\"alignnone size-medium wp-image-292\" src=\"http:\/\/losreiser.de\/wp-content\/uploads\/2017\/02\/DSC_0412-300x199.jpg\" alt=\"\" width=\"300\" height=\"199\" srcset=\"http:\/\/losreiser.de\/wp-content\/uploads\/2017\/02\/DSC_0412-300x199.jpg 300w, http:\/\/losreiser.de\/wp-content\/uploads\/2017\/02\/DSC_0412-768x511.jpg 768w, http:\/\/losreiser.de\/wp-content\/uploads\/2017\/02\/DSC_0412-1024x681.jpg 1024w\" sizes=\"auto, (max-width: 300px) 100vw, 300px\" \/><img loading=\"lazy\" decoding=\"async\" class=\"alignnone size-medium wp-image-293\" src=\"http:\/\/losreiser.de\/wp-content\/uploads\/2017\/02\/DSC_0416-300x199.jpg\" alt=\"\" width=\"300\" height=\"199\" srcset=\"http:\/\/losreiser.de\/wp-content\/uploads\/2017\/02\/DSC_0416-300x199.jpg 300w, http:\/\/losreiser.de\/wp-content\/uploads\/2017\/02\/DSC_0416-768x511.jpg 768w, http:\/\/losreiser.de\/wp-content\/uploads\/2017\/02\/DSC_0416-1024x681.jpg 1024w\" sizes=\"auto, (max-width: 300px) 100vw, 300px\" \/><img loading=\"lazy\" decoding=\"async\" class=\"alignnone size-medium wp-image-294\" src=\"http:\/\/losreiser.de\/wp-content\/uploads\/2017\/02\/DSC_0422-300x199.jpg\" alt=\"\" width=\"300\" height=\"199\" srcset=\"http:\/\/losreiser.de\/wp-content\/uploads\/2017\/02\/DSC_0422-300x199.jpg 300w, http:\/\/losreiser.de\/wp-content\/uploads\/2017\/02\/DSC_0422-768x511.jpg 768w, http:\/\/losreiser.de\/wp-content\/uploads\/2017\/02\/DSC_0422-1024x681.jpg 1024w\" sizes=\"auto, (max-width: 300px) 100vw, 300px\" \/><img loading=\"lazy\" decoding=\"async\" class=\"alignnone size-medium wp-image-297\" src=\"http:\/\/losreiser.de\/wp-content\/uploads\/2017\/02\/DSC_0452-300x199.jpg\" alt=\"\" width=\"300\" height=\"199\" srcset=\"http:\/\/losreiser.de\/wp-content\/uploads\/2017\/02\/DSC_0452-300x199.jpg 300w, http:\/\/losreiser.de\/wp-content\/uploads\/2017\/02\/DSC_0452-768x511.jpg 768w, http:\/\/losreiser.de\/wp-content\/uploads\/2017\/02\/DSC_0452-1024x681.jpg 1024w\" sizes=\"auto, (max-width: 300px) 100vw, 300px\" \/><img loading=\"lazy\" decoding=\"async\" class=\"alignnone size-medium wp-image-298\" src=\"http:\/\/losreiser.de\/wp-content\/uploads\/2017\/02\/DSC_0454-300x199.jpg\" alt=\"\" width=\"300\" height=\"199\" srcset=\"http:\/\/losreiser.de\/wp-content\/uploads\/2017\/02\/DSC_0454-300x199.jpg 300w, http:\/\/losreiser.de\/wp-content\/uploads\/2017\/02\/DSC_0454-768x511.jpg 768w, http:\/\/losreiser.de\/wp-content\/uploads\/2017\/02\/DSC_0454-1024x681.jpg 1024w\" sizes=\"auto, (max-width: 300px) 100vw, 300px\" \/><\/span><\/h4>\n<h4><span style=\"color: #000000;\">Danach waren 2 Wochen schneller rum, als wir dachten.<\/span><\/h4>\n<h4><span style=\"color: #000000;\">Fazit: \u00d6sterreich und Italien haben jeder auf seine Weise unfassbar sch\u00f6ne Landschaften. Dennoch merkt man, dass man in Europa ist. Das macht sich sowohl im Lebensunterhalt als auch an der Mentalit\u00e4t der Menschen bemerkbar. \u00d6sterreich hat uns dabei sogar besser gefallen als Italien, da die Menschen doch viel netter waren als in die Italiener. Vielleicht sind wir auch nur an die &#8222;falschen&#8220; Leute geraten, waren in den &#8222;falschen&#8220; Ecken des Landes, wir wissen es nicht. Es war dennoch eine Reise wert, sooo schnell werden wir Italien jedoch vermutlich nicht wieder besuchen.<\/span><\/h4>\n<p>&nbsp;<\/p>\n","protected":false},"excerpt":{"rendered":"<p>2 Wochen \u00d6sterreich und Italien mit unserem Bus im Video seht ihr\u00a0hier. Wir erf\u00fcllten uns kurz vor diesem Trip den Traum, mit unserem eigenen Bus auf Reise zu gehen. Komplett frei, frei von der Zeit, frei vom Weg. So machten wir uns mit unseren Fahrr\u00e4dern und gen\u00fcgend Proviant in die Spur &#8211; auf nach Italien! &#8230;<\/p>\n","protected":false},"author":1,"featured_media":0,"parent":73,"menu_order":4,"comment_status":"open","ping_status":"closed","template":"","meta":{"jetpack_post_was_ever_published":false,"footnotes":""},"class_list":["post-119","page","type-page","status-publish","hentry"],"jetpack_shortlink":"https:\/\/wp.me\/P8GtRk-1V","jetpack_sharing_enabled":true,"_links":{"self":[{"href":"http:\/\/losreiser.de\/index.php?rest_route=\/wp\/v2\/pages\/119","targetHints":{"allow":["GET"]}}],"collection":[{"href":"http:\/\/losreiser.de\/index.php?rest_route=\/wp\/v2\/pages"}],"about":[{"href":"http:\/\/losreiser.de\/index.php?rest_route=\/wp\/v2\/types\/page"}],"author":[{"embeddable":true,"href":"http:\/\/losreiser.de\/index.php?rest_route=\/wp\/v2\/users\/1"}],"replies":[{"embeddable":true,"href":"http:\/\/losreiser.de\/index.php?rest_route=%2Fwp%2Fv2%2Fcomments&post=119"}],"version-history":[{"count":22,"href":"http:\/\/losreiser.de\/index.php?rest_route=\/wp\/v2\/pages\/119\/revisions"}],"predecessor-version":[{"id":460,"href":"http:\/\/losreiser.de\/index.php?rest_route=\/wp\/v2\/pages\/119\/revisions\/460"}],"up":[{"embeddable":true,"href":"http:\/\/losreiser.de\/index.php?rest_route=\/wp\/v2\/pages\/73"}],"wp:attachment":[{"href":"http:\/\/losreiser.de\/index.php?rest_route=%2Fwp%2Fv2%2Fmedia&parent=119"}],"curies":[{"name":"wp","href":"https:\/\/api.w.org\/{rel}","templated":true}]}}